{"id":45,"date":"2024-09-15T18:57:38","date_gmt":"2024-09-15T16:57:38","guid":{"rendered":"https:\/\/ensembleennea.fr\/?page_id=45"},"modified":"2026-01-07T19:12:52","modified_gmt":"2026-01-07T18:12:52","slug":"programmez-nous","status":"publish","type":"page","link":"https:\/\/ensembleennea.fr\/index.php\/programmez-nous\/","title":{"rendered":"Programmez-nous"},"content":{"rendered":"\n<h2 class=\"wp-block-heading has-x-large-font-size\"><strong>Spectacles<\/strong><\/h2>\n\n\n\n<div class=\"wp-block-media-text is-stacked-on-mobile\"><figure class=\"wp-block-media-text__media\"><img loading=\"lazy\" decoding=\"async\" width=\"724\" height=\"1024\" src=\"https:\/\/ensembleennea.fr\/wp-content\/uploads\/2024\/09\/Flyer_Spectacle-Louise_Fiche-724x1024.jpg\" alt=\"\" class=\"wp-image-316 size-full\" srcset=\"https:\/\/ensembleennea.fr\/wp-content\/uploads\/2024\/09\/Flyer_Spectacle-Louise_Fiche-724x1024.jpg 724w, https:\/\/ensembleennea.fr\/wp-content\/uploads\/2024\/09\/Flyer_Spectacle-Louise_Fiche-212x300.jpg 212w, https:\/\/ensembleennea.fr\/wp-content\/uploads\/2024\/09\/Flyer_Spectacle-Louise_Fiche-768x1086.jpg 768w, https:\/\/ensembleennea.fr\/wp-content\/uploads\/2024\/09\/Flyer_Spectacle-Louise_Fiche-1086x1536.jpg 1086w, https:\/\/ensembleennea.fr\/wp-content\/uploads\/2024\/09\/Flyer_Spectacle-Louise_Fiche-1448x2048.jpg 1448w, https:\/\/ensembleennea.fr\/wp-content\/uploads\/2024\/09\/Flyer_Spectacle-Louise_Fiche-scaled.jpg 1810w\" sizes=\"auto, (max-width: 724px) 100vw, 724px\" \/><\/figure><div class=\"wp-block-media-text__content\">\n<p class=\"has-medium-font-size\"><strong>LOUISE &#8211; Concert-Portrait d\u2019une artiste d\u2019exception, Louise Farrenc<\/strong><\/p>\n\n\n\n<p class=\"has-medium-font-size\"><em>Musiques de<\/em> <br>Louise Farrenc, Anton Reicha &amp; Luise Adolpha Le Beau <br><em>et textes d\u2019\u00e9poque<\/em><\/p>\n\n\n\n<p>Acclam\u00e9e par Berlioz et ses contemporains, la compositrice Louise Farrenc \u00e9tait promise, en 1872, \u201c\u00e0 une place des plus honorables dans l\u2019histoire de la musique fran\u00e7aise\u201d par le Grand Dictionnaire Universel de l\u2019\u00e9poque. L\u2019ensemble Ennea, en collaboration avec la com\u00e9dienne Ariane Issartel, propose de mettre en lumi\u00e8re cette artiste avec un concert-portrait en son hommage.<\/p>\n\n\n\n<div class=\"wp-block-file\"><a id=\"wp-block-file--media-61fcaf15-0eb2-45ca-ab81-05856f1c1299\" href=\"https:\/\/ensembleennea.fr\/wp-content\/uploads\/2026\/01\/Dossier_LOUISE.pdf\">Dossier_LOUISE<\/a><a href=\"https:\/\/ensembleennea.fr\/wp-content\/uploads\/2026\/01\/Dossier_LOUISE.pdf\" class=\"wp-block-file__button wp-element-button\" download aria-describedby=\"wp-block-file--media-61fcaf15-0eb2-45ca-ab81-05856f1c1299\">T\u00e9l\u00e9charger<\/a><\/div>\n<\/div><\/div>\n\n\n\n<figure class=\"wp-block-embed is-type-video is-provider-youtube wp-block-embed-youtube wp-embed-aspect-16-9 wp-has-aspect-ratio\"><div class=\"wp-block-embed__wrapper\">\n<iframe loading=\"lazy\" title=\"ENNEA - Teaser LOUISE, concert-portrait Louise Farrenc\" width=\"500\" height=\"281\" src=\"https:\/\/www.youtube.com\/embed\/0WMz8DI3csw?feature=oembed\" frameborder=\"0\" allow=\"accelerometer; autoplay; clipboard-write; encrypted-media; gyroscope; picture-in-picture; web-share\" referrerpolicy=\"strict-origin-when-cross-origin\" allowfullscreen><\/iframe>\n<\/div><\/figure>\n\n\n\n<div style=\"height:38px\" aria-hidden=\"true\" class=\"wp-block-spacer\"><\/div>\n\n\n\n<h2 class=\"wp-block-heading has-x-large-font-size\"><strong>Programmes de concert<\/strong><\/h2>\n\n\n\n<div class=\"wp-block-media-text is-stacked-on-mobile\"><figure class=\"wp-block-media-text__media\"><img loading=\"lazy\" decoding=\"async\" width=\"724\" height=\"1024\" src=\"https:\/\/ensembleennea.fr\/wp-content\/uploads\/2026\/01\/Dossier-Diff_Romantisme-aux-compositrices-davant-garde-724x1024.jpg\" alt=\"\" class=\"wp-image-748 size-full\" srcset=\"https:\/\/ensembleennea.fr\/wp-content\/uploads\/2026\/01\/Dossier-Diff_Romantisme-aux-compositrices-davant-garde-724x1024.jpg 724w, https:\/\/ensembleennea.fr\/wp-content\/uploads\/2026\/01\/Dossier-Diff_Romantisme-aux-compositrices-davant-garde-212x300.jpg 212w, https:\/\/ensembleennea.fr\/wp-content\/uploads\/2026\/01\/Dossier-Diff_Romantisme-aux-compositrices-davant-garde-768x1086.jpg 768w, https:\/\/ensembleennea.fr\/wp-content\/uploads\/2026\/01\/Dossier-Diff_Romantisme-aux-compositrices-davant-garde-1086x1536.jpg 1086w, https:\/\/ensembleennea.fr\/wp-content\/uploads\/2026\/01\/Dossier-Diff_Romantisme-aux-compositrices-davant-garde.jpg 1414w\" sizes=\"auto, (max-width: 724px) 100vw, 724px\" \/><\/figure><div class=\"wp-block-media-text__content\">\n<p class=\"has-small-font-size\"><strong>Du Romantisme aux compositrices d&rsquo;avant-garde<\/strong><\/p>\n\n\n\n<p class=\"has-small-font-size\">L\u2019ensemble ENNEA nous plonge dans le r\u00e9pertoire foisonnant pour quintette \u00e0 vent de la Belle<br>\u00c9poque jusqu\u2019\u00e0 l\u2019entre-deux-guerres, tout en mettant en lumi\u00e8re des compositrices oubli\u00e9es<br>de cette p\u00e9riode.<br>Ce demi-si\u00e8cle voit fleurir l\u2019int\u00e9r\u00eat pour les possibilit\u00e9s expressives des vents et leurs \u00e9volutions<br>techniques r\u00e9centes favorisent une effusion de virtuosit\u00e9 qui animera des \u0153uvres phares<br>comme le quintette \u00e0 vent de Paul Taffanel.<br>Du romantisme tardif de ce Paris en pleine effervescence na\u00eetra, apr\u00e8s la Grande Guerre, un<br>modernisme dont feront preuve avec brio et humour les pionni\u00e8res Hedwige Chr\u00e9tien et Elsa<br>Barraine.<\/p>\n\n\n\n<p class=\"has-medium-font-size\"><\/p>\n\n\n\n<div class=\"wp-block-file\"><a id=\"wp-block-file--media-3809f783-752f-4234-9c23-2c36bcce8d7d\" href=\"https:\/\/ensembleennea.fr\/wp-content\/uploads\/2026\/01\/Dossier_Romantisme-aux-compositrices-davant-garde.pdf\">Dossier_Du Romantisme aux compositrices d&rsquo;avant-garde<\/a><a href=\"https:\/\/ensembleennea.fr\/wp-content\/uploads\/2026\/01\/Dossier_Romantisme-aux-compositrices-davant-garde.pdf\" class=\"wp-block-file__button wp-element-button\" download aria-describedby=\"wp-block-file--media-3809f783-752f-4234-9c23-2c36bcce8d7d\">T\u00e9l\u00e9charger<\/a><\/div>\n<\/div><\/div>\n\n\n\n<p><\/p>\n\n\n\n<div style=\"height:29px\" aria-hidden=\"true\" class=\"wp-block-spacer\"><\/div>\n\n\n\n<div class=\"wp-block-media-text is-stacked-on-mobile\"><figure class=\"wp-block-media-text__media\"><img loading=\"lazy\" decoding=\"async\" width=\"724\" height=\"1024\" src=\"https:\/\/ensembleennea.fr\/wp-content\/uploads\/2024\/10\/Flyer_Concert-Piano-et-Quintet-1-724x1024.jpg\" alt=\"\" class=\"wp-image-425 size-full\" srcset=\"https:\/\/ensembleennea.fr\/wp-content\/uploads\/2024\/10\/Flyer_Concert-Piano-et-Quintet-1-724x1024.jpg 724w, https:\/\/ensembleennea.fr\/wp-content\/uploads\/2024\/10\/Flyer_Concert-Piano-et-Quintet-1-212x300.jpg 212w, https:\/\/ensembleennea.fr\/wp-content\/uploads\/2024\/10\/Flyer_Concert-Piano-et-Quintet-1-768x1086.jpg 768w, https:\/\/ensembleennea.fr\/wp-content\/uploads\/2024\/10\/Flyer_Concert-Piano-et-Quintet-1-1086x1536.jpg 1086w, https:\/\/ensembleennea.fr\/wp-content\/uploads\/2024\/10\/Flyer_Concert-Piano-et-Quintet-1-1448x2048.jpg 1448w, https:\/\/ensembleennea.fr\/wp-content\/uploads\/2024\/10\/Flyer_Concert-Piano-et-Quintet-1-scaled.jpg 1810w\" sizes=\"auto, (max-width: 724px) 100vw, 724px\" \/><\/figure><div class=\"wp-block-media-text__content\">\n<p class=\"has-medium-font-size\"><strong>\u00ab Un talent rare chez les femmes \u00bb<\/strong><\/p>\n\n\n\n<p class=\"has-medium-font-size\"><em>Musiques de<\/em> <br>Beethoven, Reicha et Farrenc pour piano et quintette \u00e0 vent<\/p>\n\n\n\n<p>La premi\u00e8re \u0153uvre jamais \u00e9crite pour la formation piano et quintette \u00e0 vent, le sextuor de Louise Farrenc est un chef-d&rsquo;\u0153uvre peu connu de nos jours. L&rsquo;ensemble Ennea met cette pi\u00e8ce \u00e0 l&rsquo;honneur tout en faisant hommage aux compositeurs et aux \u0153uvres qui l&rsquo;ont inspir\u00e9e en pr\u00e9sentant de la musique pour vents et piano de Beethoven et de son \u00e9l\u00e8ve (et le professeur de Farrenc), Anton Reicha.<\/p>\n\n\n\n<div class=\"wp-block-file\"><a id=\"wp-block-file--media-62875750-986f-4aa7-ae85-c50858b8a648\" href=\"https:\/\/ensembleennea.fr\/wp-content\/uploads\/2026\/01\/Dossier_Piano-Quintette.pdf\">Dossier_Piano + Quintette<\/a><a href=\"https:\/\/ensembleennea.fr\/wp-content\/uploads\/2026\/01\/Dossier_Piano-Quintette.pdf\" class=\"wp-block-file__button wp-element-button\" download aria-describedby=\"wp-block-file--media-62875750-986f-4aa7-ae85-c50858b8a648\">T\u00e9l\u00e9charger<\/a><\/div>\n<\/div><\/div>\n\n\n\n<div style=\"height:38px\" aria-hidden=\"true\" class=\"wp-block-spacer\"><\/div>\n\n\n\n<h2 class=\"wp-block-heading has-x-large-font-size\"><strong>Masterclasses<\/strong><\/h2>\n\n\n\n<p class=\"has-medium-font-size\">Passionn\u00e9\u00b7es par le partage de leurs recherches autour de la pratique historiquement inform\u00e9e de la musique sur instruments d\u2019\u00e9poque, les musicien\u00b7nes d\u2019Ennea proposent des masterclasses pour des \u00e9l\u00e8ves avanc\u00e9s. L\u2019id\u00e9e est de les amener \u00e0 nourrir leur interpr\u00e9tation \u00e0 partir des sources, des instruments d\u2019\u00e9poque et du contexte historique des oeuvres de compositeurs et de compositrices.<\/p>\n\n\n\n<figure class=\"wp-block-gallery has-nested-images columns-default is-cropped wp-block-gallery-1 is-layout-flex wp-block-gallery-is-layout-flex\">\n<figure class=\"wp-block-image size-large\"><img loading=\"lazy\" decoding=\"async\" width=\"1024\" height=\"768\" data-id=\"478\" src=\"https:\/\/ensembleennea.fr\/wp-content\/uploads\/2025\/03\/IMG_8594-1024x768.jpeg\" alt=\"\" class=\"wp-image-478\" srcset=\"https:\/\/ensembleennea.fr\/wp-content\/uploads\/2025\/03\/IMG_8594-1024x768.jpeg 1024w, https:\/\/ensembleennea.fr\/wp-content\/uploads\/2025\/03\/IMG_8594-300x225.jpeg 300w, https:\/\/ensembleennea.fr\/wp-content\/uploads\/2025\/03\/IMG_8594-768x576.jpeg 768w, https:\/\/ensembleennea.fr\/wp-content\/uploads\/2025\/03\/IMG_8594-1536x1152.jpeg 1536w, https:\/\/ensembleennea.fr\/wp-content\/uploads\/2025\/03\/IMG_8594-2048x1536.jpeg 2048w\" sizes=\"auto, (max-width: 1024px) 100vw, 1024px\" \/><\/figure>\n\n\n\n<figure class=\"wp-block-image size-large\"><img loading=\"lazy\" decoding=\"async\" width=\"1024\" height=\"768\" data-id=\"479\" src=\"https:\/\/ensembleennea.fr\/wp-content\/uploads\/2025\/03\/IMG_8593-1024x768.jpeg\" alt=\"\" class=\"wp-image-479\" srcset=\"https:\/\/ensembleennea.fr\/wp-content\/uploads\/2025\/03\/IMG_8593-1024x768.jpeg 1024w, https:\/\/ensembleennea.fr\/wp-content\/uploads\/2025\/03\/IMG_8593-300x225.jpeg 300w, https:\/\/ensembleennea.fr\/wp-content\/uploads\/2025\/03\/IMG_8593-768x576.jpeg 768w, https:\/\/ensembleennea.fr\/wp-content\/uploads\/2025\/03\/IMG_8593-1536x1152.jpeg 1536w, https:\/\/ensembleennea.fr\/wp-content\/uploads\/2025\/03\/IMG_8593-2048x1536.jpeg 2048w\" sizes=\"auto, (max-width: 1024px) 100vw, 1024px\" \/><\/figure>\n<\/figure>\n\n\n\n<div style=\"height:36px\" aria-hidden=\"true\" class=\"wp-block-spacer\"><\/div>\n\n\n\n<h2 class=\"wp-block-heading has-x-large-font-size\"><strong>Actions culturelles<\/strong><\/h2>\n\n\n\n<p class=\"has-medium-font-size\">Atelier participatif en milieu scolaire avec d\u00e9couverte des instruments de l&rsquo;orchestre et des instruments anciens, jeux musicaux spatialis\u00e9s, soundpainting et temps de ch\u0153ur accompagn\u00e9 des musicien\u00b7nes.<\/p>\n\n\n\n<figure class=\"wp-block-image size-large\"><img loading=\"lazy\" decoding=\"async\" width=\"1024\" height=\"768\" src=\"https:\/\/ensembleennea.fr\/wp-content\/uploads\/2024\/09\/intervention-duingt-1024x768.jpg\" alt=\"\" class=\"wp-image-595\" srcset=\"https:\/\/ensembleennea.fr\/wp-content\/uploads\/2024\/09\/intervention-duingt-1024x768.jpg 1024w, https:\/\/ensembleennea.fr\/wp-content\/uploads\/2024\/09\/intervention-duingt-300x225.jpg 300w, https:\/\/ensembleennea.fr\/wp-content\/uploads\/2024\/09\/intervention-duingt-768x576.jpg 768w, https:\/\/ensembleennea.fr\/wp-content\/uploads\/2024\/09\/intervention-duingt-1536x1152.jpg 1536w, https:\/\/ensembleennea.fr\/wp-content\/uploads\/2024\/09\/intervention-duingt.jpg 1600w\" sizes=\"auto, (max-width: 1024px) 100vw, 1024px\" \/><\/figure>\n\n\n\n<figure class=\"wp-block-image size-large\"><img loading=\"lazy\" decoding=\"async\" width=\"1024\" height=\"768\" src=\"https:\/\/ensembleennea.fr\/wp-content\/uploads\/2024\/09\/ecole-duingt-allonge-1024x768.jpg\" alt=\"\" class=\"wp-image-593\" srcset=\"https:\/\/ensembleennea.fr\/wp-content\/uploads\/2024\/09\/ecole-duingt-allonge-1024x768.jpg 1024w, https:\/\/ensembleennea.fr\/wp-content\/uploads\/2024\/09\/ecole-duingt-allonge-300x225.jpg 300w, https:\/\/ensembleennea.fr\/wp-content\/uploads\/2024\/09\/ecole-duingt-allonge-768x576.jpg 768w, https:\/\/ensembleennea.fr\/wp-content\/uploads\/2024\/09\/ecole-duingt-allonge-1536x1152.jpg 1536w, https:\/\/ensembleennea.fr\/wp-content\/uploads\/2024\/09\/ecole-duingt-allonge.jpg 1600w\" sizes=\"auto, (max-width: 1024px) 100vw, 1024px\" \/><\/figure>\n\n\n\n<figure class=\"wp-block-gallery has-nested-images columns-default is-cropped wp-block-gallery-2 is-layout-flex wp-block-gallery-is-layout-flex\"><\/figure>\n\n\n\n<p><\/p>\n","protected":false},"excerpt":{"rendered":"<p>Spectacles Programmes de concert Masterclasses Passionn\u00e9\u00b7es par le partage de leurs recherches autour de la pratique historiquement inform\u00e9e de la musique sur instruments d\u2019\u00e9poque, les musicien\u00b7nes d\u2019Ennea proposent des masterclasses pour des \u00e9l\u00e8ves avanc\u00e9s. L\u2019id\u00e9e est de les amener \u00e0 nourrir leur interpr\u00e9tation \u00e0 partir des sources, des instruments d\u2019\u00e9poque et du contexte historique des [&hellip;]<\/p>\n","protected":false},"author":1,"featured_media":0,"parent":0,"menu_order":0,"comment_status":"closed","ping_status":"closed","template":"","meta":{"footnotes":""},"class_list":["post-45","page","type-page","status-publish","hentry"],"_links":{"self":[{"href":"https:\/\/ensembleennea.fr\/index.php\/wp-json\/wp\/v2\/pages\/45","targetHints":{"allow":["GET"]}}],"collection":[{"href":"https:\/\/ensembleennea.fr\/index.php\/wp-json\/wp\/v2\/pages"}],"about":[{"href":"https:\/\/ensembleennea.fr\/index.php\/wp-json\/wp\/v2\/types\/page"}],"author":[{"embeddable":true,"href":"https:\/\/ensembleennea.fr\/index.php\/wp-json\/wp\/v2\/users\/1"}],"replies":[{"embeddable":true,"href":"https:\/\/ensembleennea.fr\/index.php\/wp-json\/wp\/v2\/comments?post=45"}],"version-history":[{"count":57,"href":"https:\/\/ensembleennea.fr\/index.php\/wp-json\/wp\/v2\/pages\/45\/revisions"}],"predecessor-version":[{"id":751,"href":"https:\/\/ensembleennea.fr\/index.php\/wp-json\/wp\/v2\/pages\/45\/revisions\/751"}],"wp:attachment":[{"href":"https:\/\/ensembleennea.fr\/index.php\/wp-json\/wp\/v2\/media?parent=45"}],"curies":[{"name":"wp","href":"https:\/\/api.w.org\/{rel}","templated":true}]}}